{"id":42510,"date":"2026-03-31T11:46:26","date_gmt":"2026-03-31T09:46:26","guid":{"rendered":"https:\/\/shop.weingut-pfeiffer.de\/?product=2025er-monkey-mountain-sweet"},"modified":"2026-03-31T11:46:26","modified_gmt":"2026-03-31T09:46:26","slug":"2025er-monkey-mountain-sweet","status":"publish","type":"product","link":"https:\/\/shop.weingut-pfeiffer.de\/?product=2025er-monkey-mountain-sweet","title":{"rendered":"<br>2025er  Monkey Mountain Sweet<br>"},"content":{"rendered":"\n<div align=\"left\"><font size=\"2\"><br \/><!-- IBGHTML --><font face=\"Arial\">Die Nase und der Gaumen werden begeistert von sehr blumigen und fruchtigen Nuancen mit einem feinen Bouquet von Pfirsich, reifer Ananas und Maracuja. Der fruchtige Nachhall mit der angenehmen S\u00fc\u00dfe bereitet Freude auf das n\u00e4chste Glas.<\/p>\n<p>Abf\u00fcller: Weingut Pfeiffer, Appenheimer Str.26, D-55435 Gau-Algesheim<\/font><br \/> <\/font><\/div>\n<table WIDTH=\"60%\" BORDER=\"0\" align=\"left\" CELLPADDING=\"0\" CELLSPACING=\"0\"><\/p>\n<tr><\/p>\n<td width=\"53%\"><font size=\"-1\">Artikelnummer:<\/font><\/td>\n<td width=\"47%\"><font size=\"-1\"><strong>2514<\/strong><\/font><\/td>\n<p><\/tr>\n<tr><\/p>\n<td><font size=\"-1\">Inhalt<\/font><\/td>\n<td><font size=\"-1\"><strong>0,75 Ltr.<\/strong><\/font><\/td>\n<p><\/tr>\n<tr ALIGN=\"LEFT\"><\/p>\n<td><font size=\"-1\">Preis\/Ltr.<\/font><\/td>\n<td><font size=\"-1\"><strong>8,67 EUR pro Ltr.<\/strong><\/font><\/td>\n<p><\/tr>\n<tr><\/p>\n<td><font size=\"-1\">Weinart:<\/font><\/td>\n<td><font size=\"-1\"><strong>Wei\u00dfwein<\/strong><\/font><\/td>\n<p><\/tr>\n<tr><\/p>\n<td><font size=\"-1\">Qualit&auml;tsstufe<\/font><\/td>\n<td><font size=\"-1\"><strong>Qualit\u00e4tswein<\/strong><\/font><\/td>\n<p><\/tr>\n<tr><\/p>\n<td><font size=\"-1\">Rebsorte<\/font><\/td>\n<td><font size=\"-1\"><strong><\/strong><\/font><\/td>\n<p><\/tr>\n<tr>  <\/p>\n<td><font size=\"-1\">Restzuckergehalt<\/font><\/td>\n<p>  <\/p>\n<td><font size=\"-1\"><strong>66 g\/Ltr.<\/strong><\/font><\/td>\n<p><\/tr>\n<p><\/p>\n<tr><\/p>\n<td><font size=\"-1\">Alkoholgehalt<\/font><\/td>\n<td><font size=\"-1\"><strong>10,5 Vol. %<\/strong><\/font><\/td>\n<p><\/tr>\n<p><\/p>\n<tr>\n<td><font size=\"-1\">Bio:<\/font><\/td>\n<td><font size=\"-1\"><strong>NEIN<\/strong><\/font><\/td>\n<\/tr>\n<p><\/p>\n<tr>\n<td><font size=\"-1\">Ursprungsland:<\/font><\/td>\n<td><font size=\"-1\"><strong><\/strong><\/font><\/td>\n<\/tr>\n<p><\/p>\n<tr>\n<td><font size=\"-1\">enth\u00e4lt Allergene:<\/font><\/td>\n<td><font size=\"-1\"><strong>Sulfite<\/strong><\/font><\/td>\n<\/tr>\n<p><\/table>\n<p>&nbsp;<\/p>\n<p><\/p>\n<p>&nbsp;<\/p>\n<p><\/p>\n<p>&nbsp;<\/p>\n<p><\/p>\n<p><font size=\"-1\" face=\"Arial, Helvetica, sans-serif\">enth\u00e4lt Sulfite<\/font><\/p>\n<p><\/p>\n","protected":false},"excerpt":{"rendered":"<p>Die Nase und der Gaumen werden begeistert von sehr blumigen und fruchtigen Nuancen mit einem feinen Bouquet von Pfirsich, reifer Ananas und Maracuja. Der fruchtige Nachhall mit der angenehmen S\u00fc\u00dfe bereitet Freude auf das n\u00e4chste Glas. Abf\u00fcller: Weingut Pfeiffer, Appenheimer Str.26, D-55435 Gau-Algesheim Artikelnummer: 2514 Inhalt 0,75 Ltr. Preis\/Ltr. 8,67 EUR pro Ltr. Weinart: Wei\u00dfwein [&hellip;]<\/p>\n","protected":false},"featured_media":41664,"comment_status":"open","ping_status":"closed","template":"","meta":[],"product_brand":[],"product_cat":[2203],"product_tag":[],"class_list":{"0":"post-42510","1":"product","2":"type-product","3":"status-publish","4":"has-post-thumbnail","6":"product_cat-weisswein","8":"first","9":"instock","10":"taxable","11":"shipping-taxable","12":"purchasable","13":"product-type-simple"},"_links":{"self":[{"href":"https:\/\/shop.weingut-pfeiffer.de\/index.php?rest_route=\/wp\/v2\/product\/42510","targetHints":{"allow":["GET"]}}],"collection":[{"href":"https:\/\/shop.weingut-pfeiffer.de\/index.php?rest_route=\/wp\/v2\/product"}],"about":[{"href":"https:\/\/shop.weingut-pfeiffer.de\/index.php?rest_route=\/wp\/v2\/types\/product"}],"replies":[{"embeddable":true,"href":"https:\/\/shop.weingut-pfeiffer.de\/index.php?rest_route=%2Fwp%2Fv2%2Fcomments&post=42510"}],"wp:featuredmedia":[{"embeddable":true,"href":"https:\/\/shop.weingut-pfeiffer.de\/index.php?rest_route=\/wp\/v2\/media\/41664"}],"wp:attachment":[{"href":"https:\/\/shop.weingut-pfeiffer.de\/index.php?rest_route=%2Fwp%2Fv2%2Fmedia&parent=42510"}],"wp:term":[{"taxonomy":"product_brand","embeddable":true,"href":"https:\/\/shop.weingut-pfeiffer.de\/index.php?rest_route=%2Fwp%2Fv2%2Fproduct_brand&post=42510"},{"taxonomy":"product_cat","embeddable":true,"href":"https:\/\/shop.weingut-pfeiffer.de\/index.php?rest_route=%2Fwp%2Fv2%2Fproduct_cat&post=42510"},{"taxonomy":"product_tag","embeddable":true,"href":"https:\/\/shop.weingut-pfeiffer.de\/index.php?rest_route=%2Fwp%2Fv2%2Fproduct_tag&post=42510"}],"curies":[{"name":"wp","href":"https:\/\/api.w.org\/{rel}","templated":true}]}}