{"id":42470,"date":"2026-02-12T19:21:29","date_gmt":"2026-02-12T17:21:29","guid":{"rendered":"https:\/\/shop.weingut-pfeiffer.de\/?product=2025er-auxerrois-trocken"},"modified":"2026-02-12T19:21:29","modified_gmt":"2026-02-12T17:21:29","slug":"2025er-auxerrois-trocken","status":"publish","type":"product","link":"https:\/\/shop.weingut-pfeiffer.de\/?product=2025er-auxerrois-trocken","title":{"rendered":"<br>2025er Auxerrois trocken<br>"},"content":{"rendered":"\n<div align=\"left\"><font size=\"2\"><br \/><!-- IBGHTML --><!-- IBGHTML --><\/p>\n<p style=\"margin: 0cm 0cm 10pt\"><span style='background: white;font-family: \"Arial\",sans-serif'><span style='font-family: \"Arial\",sans-serif'>Der Auxerrois&nbsp;stammt aus der Burgunderfamilie, er ist klar und feinsaftig, schlank wirkend mit fester Struktur.<br \/>K\u00fchle Nase nach Kr\u00e4utern und Kernobst, guter mineralisch-frischer Abgang.<\/p>\n<p>Abf\u00fcller: Weingut Michael Pfeiffer, Appenheimer Str.26, D-55435 Gau-Algesheim<\/span><\/span><\/p>\n<p> <\/font><\/div>\n<table WIDTH=\"60%\" BORDER=\"0\" align=\"left\" CELLPADDING=\"0\" CELLSPACING=\"0\"><\/p>\n<tr><\/p>\n<td width=\"53%\"><font size=\"-1\">Artikelnummer:<\/font><\/td>\n<td width=\"47%\"><font size=\"-1\"><strong>2504<\/strong><\/font><\/td>\n<p><\/tr>\n<tr><\/p>\n<td><font size=\"-1\">Inhalt<\/font><\/td>\n<td><font size=\"-1\"><strong>0,75 Ltr.<\/strong><\/font><\/td>\n<p><\/tr>\n<tr ALIGN=\"LEFT\"><\/p>\n<td><font size=\"-1\">Preis\/Ltr.<\/font><\/td>\n<td><font size=\"-1\"><strong>9,20 EUR pro Ltr.<\/strong><\/font><\/td>\n<p><\/tr>\n<tr><\/p>\n<td><font size=\"-1\">Weinart:<\/font><\/td>\n<td><font size=\"-1\"><strong>Wei\u00dfwein<\/strong><\/font><\/td>\n<p><\/tr>\n<tr><\/p>\n<td><font size=\"-1\">Qualit&auml;tsstufe<\/font><\/td>\n<td><font size=\"-1\"><strong>Qualit\u00e4tswein<\/strong><\/font><\/td>\n<p><\/tr>\n<tr><\/p>\n<td><font size=\"-1\">Rebsorte<\/font><\/td>\n<td><font size=\"-1\"><strong>Auxerrois<\/strong><\/font><\/td>\n<p><\/tr>\n<tr>  <\/p>\n<td><font size=\"-1\">Restzuckergehalt<\/font><\/td>\n<p>  <\/p>\n<td><font size=\"-1\"><strong>2,1 g\/Ltr.<\/strong><\/font><\/td>\n<p><\/tr>\n<p><\/p>\n<tr><\/p>\n<td><font size=\"-1\">Alkoholgehalt<\/font><\/td>\n<td><font size=\"-1\"><strong>12,0 Vol. %<\/strong><\/font><\/td>\n<p><\/tr>\n<p><\/p>\n<tr>\n<td><font size=\"-1\">Bio:<\/font><\/td>\n<td><font size=\"-1\"><strong>NEIN<\/strong><\/font><\/td>\n<\/tr>\n<p><\/p>\n<tr>\n<td><font size=\"-1\">Ursprungsland:<\/font><\/td>\n<td><font size=\"-1\"><strong><\/strong><\/font><\/td>\n<\/tr>\n<p><\/p>\n<tr>\n<td><font size=\"-1\">enth\u00e4lt Allergene:<\/font><\/td>\n<td><font size=\"-1\"><strong>Sulfite<\/strong><\/font><\/td>\n<\/tr>\n<p><\/table>\n<p>&nbsp;<\/p>\n<p><\/p>\n<p>&nbsp;<\/p>\n<p><\/p>\n<p>&nbsp;<\/p>\n<p><\/p>\n<p><font size=\"-1\" face=\"Arial, Helvetica, sans-serif\">enth\u00e4lt Sulfite<\/font><\/p>\n<p><\/p>\n","protected":false},"excerpt":{"rendered":"<p>Der Auxerrois&nbsp;stammt aus der Burgunderfamilie, er ist klar und feinsaftig, schlank wirkend mit fester Struktur.K\u00fchle Nase nach Kr\u00e4utern und Kernobst, guter mineralisch-frischer Abgang. Abf\u00fcller: Weingut Michael Pfeiffer, Appenheimer Str.26, D-55435 Gau-Algesheim Artikelnummer: 2504 Inhalt 0,75 Ltr. Preis\/Ltr. 9,20 EUR pro Ltr. Weinart: Wei\u00dfwein Qualit&auml;tsstufe Qualit\u00e4tswein Rebsorte Auxerrois Restzuckergehalt 2,1 g\/Ltr. Alkoholgehalt 12,0 Vol. % Bio: [&hellip;]<\/p>\n","protected":false},"featured_media":41629,"comment_status":"open","ping_status":"closed","template":"","meta":[],"product_brand":[],"product_cat":[2203],"product_tag":[],"class_list":{"0":"post-42470","1":"product","2":"type-product","3":"status-publish","4":"has-post-thumbnail","6":"product_cat-weisswein","8":"first","9":"instock","10":"taxable","11":"shipping-taxable","12":"purchasable","13":"product-type-simple"},"_links":{"self":[{"href":"https:\/\/shop.weingut-pfeiffer.de\/index.php?rest_route=\/wp\/v2\/product\/42470","targetHints":{"allow":["GET"]}}],"collection":[{"href":"https:\/\/shop.weingut-pfeiffer.de\/index.php?rest_route=\/wp\/v2\/product"}],"about":[{"href":"https:\/\/shop.weingut-pfeiffer.de\/index.php?rest_route=\/wp\/v2\/types\/product"}],"replies":[{"embeddable":true,"href":"https:\/\/shop.weingut-pfeiffer.de\/index.php?rest_route=%2Fwp%2Fv2%2Fcomments&post=42470"}],"wp:featuredmedia":[{"embeddable":true,"href":"https:\/\/shop.weingut-pfeiffer.de\/index.php?rest_route=\/wp\/v2\/media\/41629"}],"wp:attachment":[{"href":"https:\/\/shop.weingut-pfeiffer.de\/index.php?rest_route=%2Fwp%2Fv2%2Fmedia&parent=42470"}],"wp:term":[{"taxonomy":"product_brand","embeddable":true,"href":"https:\/\/shop.weingut-pfeiffer.de\/index.php?rest_route=%2Fwp%2Fv2%2Fproduct_brand&post=42470"},{"taxonomy":"product_cat","embeddable":true,"href":"https:\/\/shop.weingut-pfeiffer.de\/index.php?rest_route=%2Fwp%2Fv2%2Fproduct_cat&post=42470"},{"taxonomy":"product_tag","embeddable":true,"href":"https:\/\/shop.weingut-pfeiffer.de\/index.php?rest_route=%2Fwp%2Fv2%2Fproduct_tag&post=42470"}],"curies":[{"name":"wp","href":"https:\/\/api.w.org\/{rel}","templated":true}]}}