{"id":42257,"date":"2025-04-27T18:29:02","date_gmt":"2025-04-27T16:29:02","guid":{"rendered":"https:\/\/shop.weingut-pfeiffer.de\/?product=verkostungspaket-rot-weiss-medium"},"modified":"2026-02-09T11:27:40","modified_gmt":"2026-02-09T09:27:40","slug":"verkostungspaket-rot-weiss-medium","status":"publish","type":"product","link":"https:\/\/shop.weingut-pfeiffer.de\/?product=verkostungspaket-rot-weiss-medium","title":{"rendered":"<br>Verkostungspaket rot\/wei\u00df medium<br>"},"content":{"rendered":"\n<div align=\"left\"><font size=\"2\"><br \/><!-- IBGHTML --><span style='font-family: \"Arial\",\"sans-serif\"'><span style='font-family: \"Arial\",\"sans-serif\"'><\/p>\n<p style=\"margin: 0cm 0cm 0pt\"><span style='font-family: \"Arial\",\"sans-serif\"'>Im Paket enthalten&nbsp;ist jeweils 1 Flasche:<\/span><\/p>\n<p><font face=\"Times New Roman\"><\/font><\/p>\n<p style=\"margin: 0cm 0cm 0pt\"><span style='font-family: \"Arial\",\"sans-serif\"'><span style='line-height: 115%;font-family: \"Arial\",\"sans-serif\";font-size: 11pt'>2023 Monkey Mountain Riesling-MEDIUM- <font size=\"1\">11,5%Vol<\/font><br \/> 2023 Chardonnay -MEDIUM- <font size=\"1\">11%Vol<\/font><br \/> 2023 Sp\u00e4tburgunder Ros\u00e9- <font size=\"1\">10,5%Vol<\/font><br \/> 2022 Riesling KABInett <font size=\"1\">9%Vol<br \/><\/font>2022 Sp\u00e4tburgunder Rotwein-MEDIUM- <font size=\"1\">11,5%Vol<\/font><br \/>2022 Monkey Mountain RED &#8211;&nbsp;<font size=\"1\">12%Vol<\/p>\n<p><font size=\"3\">Infos zu den einzelnen Weinen finden Sie jeweils bei dem Wein.<\/font><\/font><br \/><\/span><\/span><font face=\"Times New Roman\"><\/p>\n<p><\/font><\/p>\n<p><\/span><\/p>\n<p style=\"margin: 0cm 0cm 10pt\"><span style='font-family: \"Arial\",\"sans-serif\"'>&nbsp;<font size=\"2\">Abf\u00fcller: Weingut Pfeiffer, Appenheimer Str.26, D-55435 Gau-Algesheim<\/font><\/span><\/p>\n<p><\/span><br \/> <\/font><\/div>\n<table WIDTH=\"60%\" BORDER=\"0\" align=\"left\" CELLPADDING=\"0\" CELLSPACING=\"0\"><\/p>\n<tr><\/p>\n<td width=\"53%\"><font size=\"-1\">Artikelnummer:<\/font><\/td>\n<td width=\"47%\"><font size=\"-1\"><strong>2471<\/strong><\/font><\/td>\n<p><\/tr>\n<tr><\/p>\n<td><font size=\"-1\">Inhalt<\/font><\/td>\n<td><font size=\"-1\"><strong><\/strong><\/font><\/td>\n<p><\/tr>\n<tr ALIGN=\"LEFT\"><\/p>\n<td><font size=\"-1\">Preis\/Ltr.<\/font><\/td>\n<td><font size=\"-1\"><strong><\/strong><\/font><\/td>\n<p><\/tr>\n<tr><\/p>\n<td><font size=\"-1\">Weinart:<\/font><\/td>\n<td><font size=\"-1\"><strong><\/strong><\/font><\/td>\n<p><\/tr>\n<tr><\/p>\n<td><font size=\"-1\">Qualit&auml;tsstufe<\/font><\/td>\n<td><font size=\"-1\"><strong><\/strong><\/font><\/td>\n<p><\/tr>\n<tr><\/p>\n<td><font size=\"-1\">Rebsorte<\/font><\/td>\n<td><font size=\"-1\"><strong><\/strong><\/font><\/td>\n<p><\/tr>\n<tr>  <\/p>\n<td><font size=\"-1\">Restzuckergehalt<\/font><\/td>\n<p>  <\/p>\n<td><font size=\"-1\"><strong><\/strong><\/font><\/td>\n<p><\/tr>\n<p><\/p>\n<tr><\/p>\n<td><font size=\"-1\">Alkoholgehalt<\/font><\/td>\n<td><font size=\"-1\"><strong><\/strong><\/font><\/td>\n<p><\/tr>\n<p><\/p>\n<tr>\n<td><font size=\"-1\">Bio:<\/font><\/td>\n<td><font size=\"-1\"><strong>NEIN<\/strong><\/font><\/td>\n<\/tr>\n<p><\/p>\n<tr>\n<td><font size=\"-1\">Ursprungsland:<\/font><\/td>\n<td><font size=\"-1\"><strong><\/strong><\/font><\/td>\n<\/tr>\n<p><\/p>\n<tr>\n<td><font size=\"-1\">enth\u00e4lt Allergene:<\/font><\/td>\n<td><font size=\"-1\"><strong>Sulfite<\/strong><\/font><\/td>\n<\/tr>\n<p><\/table>\n<p>&nbsp;<\/p>\n<p><\/p>\n<p>&nbsp;<\/p>\n<p><\/p>\n<p>&nbsp;<\/p>\n<p><\/p>\n<p><font size=\"-1\" face=\"Arial, Helvetica, sans-serif\"><\/font><\/p>\n<p><\/p>\n","protected":false},"excerpt":{"rendered":"<p>Im Paket enthalten&nbsp;ist jeweils 1 Flasche: 2023 Monkey Mountain Riesling-MEDIUM- 11,5%Vol 2023 Chardonnay -MEDIUM- 11%Vol 2023 Sp\u00e4tburgunder Ros\u00e9- 10,5%Vol 2022 Riesling KABInett 9%Vol2022 Sp\u00e4tburgunder Rotwein-MEDIUM- 11,5%Vol2022 Monkey Mountain RED &#8211;&nbsp;12%Vol Infos zu den einzelnen Weinen finden Sie jeweils bei dem Wein. &nbsp;Abf\u00fcller: Weingut Pfeiffer, Appenheimer Str.26, D-55435 Gau-Algesheim Artikelnummer: 2471 Inhalt Preis\/Ltr. Weinart: Qualit&auml;tsstufe Rebsorte [&hellip;]<\/p>\n","protected":false},"featured_media":32401,"comment_status":"open","ping_status":"closed","template":"","meta":[],"product_brand":[],"product_cat":[2208],"product_tag":[],"class_list":{"0":"post-42257","1":"product","2":"type-product","3":"status-publish","4":"has-post-thumbnail","6":"product_cat-verkostungspakete","8":"first","9":"instock","10":"taxable","11":"shipping-taxable","12":"purchasable","13":"product-type-simple"},"_links":{"self":[{"href":"https:\/\/shop.weingut-pfeiffer.de\/index.php?rest_route=\/wp\/v2\/product\/42257","targetHints":{"allow":["GET"]}}],"collection":[{"href":"https:\/\/shop.weingut-pfeiffer.de\/index.php?rest_route=\/wp\/v2\/product"}],"about":[{"href":"https:\/\/shop.weingut-pfeiffer.de\/index.php?rest_route=\/wp\/v2\/types\/product"}],"replies":[{"embeddable":true,"href":"https:\/\/shop.weingut-pfeiffer.de\/index.php?rest_route=%2Fwp%2Fv2%2Fcomments&post=42257"}],"wp:featuredmedia":[{"embeddable":true,"href":"https:\/\/shop.weingut-pfeiffer.de\/index.php?rest_route=\/wp\/v2\/media\/32401"}],"wp:attachment":[{"href":"https:\/\/shop.weingut-pfeiffer.de\/index.php?rest_route=%2Fwp%2Fv2%2Fmedia&parent=42257"}],"wp:term":[{"taxonomy":"product_brand","embeddable":true,"href":"https:\/\/shop.weingut-pfeiffer.de\/index.php?rest_route=%2Fwp%2Fv2%2Fproduct_brand&post=42257"},{"taxonomy":"product_cat","embeddable":true,"href":"https:\/\/shop.weingut-pfeiffer.de\/index.php?rest_route=%2Fwp%2Fv2%2Fproduct_cat&post=42257"},{"taxonomy":"product_tag","embeddable":true,"href":"https:\/\/shop.weingut-pfeiffer.de\/index.php?rest_route=%2Fwp%2Fv2%2Fproduct_tag&post=42257"}],"curies":[{"name":"wp","href":"https:\/\/api.w.org\/{rel}","templated":true}]}}