{"id":42252,"date":"2025-04-27T18:28:57","date_gmt":"2025-04-27T16:28:57","guid":{"rendered":"https:\/\/shop.weingut-pfeiffer.de\/?product=verkostungspaket-blanc-de-noir-rose"},"modified":"2026-02-09T11:27:31","modified_gmt":"2026-02-09T09:27:31","slug":"verkostungspaket-blanc-de-noir-rose","status":"publish","type":"product","link":"https:\/\/shop.weingut-pfeiffer.de\/?product=verkostungspaket-blanc-de-noir-rose","title":{"rendered":"<br>Verkostungspaket Blanc de Noir\/ Ros\u00e9<br>"},"content":{"rendered":"\n<div align=\"left\"><font size=\"2\"><br \/><!-- IBGHTML --><font face=\"Arial\">im Paket enthalten&nbsp;ist je&nbsp;1 Flasche:<\/p>\n<p>2023 Blanc de Noir trocken <font size=\"1\">12vol%<\/font><br \/>2022 Monkey Mountain Ros\u00e9&nbsp; <font size=\"1\">11,5vol%<\/font><br \/>2022 Merlot Ros\u00e9 3P trocken&nbsp;<\/font><font size=\"1\"><font face=\"Arial\"> 13vol%<br \/><\/font><font size=\"3\"><font face=\"Arial\">2023 Sp\u00e4tb. Ros\u00e9 -medium-&nbsp; <\/font><font face=\"Arial\" size=\"1\">10,5vol%<br \/><\/font><\/font><font face=\"Arial\" size=\"3\">Monkey Mountain Bubbles &nbsp;Ros\u00e9sekt trocken&nbsp;<\/font><font face=\"Arial\"><font size=\"1\"> 12,5vol%<br \/><font size=\"3\">2023 Secco Ros\u00e9 fruchtig&nbsp; <font size=\"1\">10vol%<\/font><\/font><\/font><\/p>\n<p><font size=\"3\">Infos zu den einzelnen Weinen finden Sie jeweils bei dem Wein.<\/font><\/p>\n<p><font size=\"2\">Abf\u00fcller: Weingut Pfeiffer, Appenheimer Str.26, D-55435 Gau-Algesheim<\/font><\/font><\/font><br \/> <\/font><\/div>\n<table WIDTH=\"60%\" BORDER=\"0\" align=\"left\" CELLPADDING=\"0\" CELLSPACING=\"0\"><\/p>\n<tr><\/p>\n<td width=\"53%\"><font size=\"-1\">Artikelnummer:<\/font><\/td>\n<td width=\"47%\"><font size=\"-1\"><strong>2478<\/strong><\/font><\/td>\n<p><\/tr>\n<tr><\/p>\n<td><font size=\"-1\">Inhalt<\/font><\/td>\n<td><font size=\"-1\"><strong><\/strong><\/font><\/td>\n<p><\/tr>\n<tr ALIGN=\"LEFT\"><\/p>\n<td><font size=\"-1\">Preis\/Ltr.<\/font><\/td>\n<td><font size=\"-1\"><strong><\/strong><\/font><\/td>\n<p><\/tr>\n<tr><\/p>\n<td><font size=\"-1\">Weinart:<\/font><\/td>\n<td><font size=\"-1\"><strong><\/strong><\/font><\/td>\n<p><\/tr>\n<tr><\/p>\n<td><font size=\"-1\">Qualit&auml;tsstufe<\/font><\/td>\n<td><font size=\"-1\"><strong><\/strong><\/font><\/td>\n<p><\/tr>\n<tr><\/p>\n<td><font size=\"-1\">Rebsorte<\/font><\/td>\n<td><font size=\"-1\"><strong><\/strong><\/font><\/td>\n<p><\/tr>\n<tr>  <\/p>\n<td><font size=\"-1\">Restzuckergehalt<\/font><\/td>\n<p>  <\/p>\n<td><font size=\"-1\"><strong><\/strong><\/font><\/td>\n<p><\/tr>\n<p><\/p>\n<tr><\/p>\n<td><font size=\"-1\">Alkoholgehalt<\/font><\/td>\n<td><font size=\"-1\"><strong><\/strong><\/font><\/td>\n<p><\/tr>\n<p><\/p>\n<tr>\n<td><font size=\"-1\">Bio:<\/font><\/td>\n<td><font size=\"-1\"><strong>NEIN<\/strong><\/font><\/td>\n<\/tr>\n<p><\/p>\n<tr>\n<td><font size=\"-1\">Ursprungsland:<\/font><\/td>\n<td><font size=\"-1\"><strong><\/strong><\/font><\/td>\n<\/tr>\n<p><\/p>\n<tr>\n<td><font size=\"-1\">enth\u00e4lt Allergene:<\/font><\/td>\n<td><font size=\"-1\"><strong>Sulfite<\/strong><\/font><\/td>\n<\/tr>\n<p><\/table>\n<p>&nbsp;<\/p>\n<p><\/p>\n<p>&nbsp;<\/p>\n<p><\/p>\n<p>&nbsp;<\/p>\n<p><\/p>\n<p><font size=\"-1\" face=\"Arial, Helvetica, sans-serif\"><\/font><\/p>\n<p><\/p>\n","protected":false},"excerpt":{"rendered":"<p>im Paket enthalten&nbsp;ist je&nbsp;1 Flasche: 2023 Blanc de Noir trocken 12vol%2022 Monkey Mountain Ros\u00e9&nbsp; 11,5vol%2022 Merlot Ros\u00e9 3P trocken&nbsp; 13vol%2023 Sp\u00e4tb. Ros\u00e9 -medium-&nbsp; 10,5vol%Monkey Mountain Bubbles &nbsp;Ros\u00e9sekt trocken&nbsp; 12,5vol%2023 Secco Ros\u00e9 fruchtig&nbsp; 10vol% Infos zu den einzelnen Weinen finden Sie jeweils bei dem Wein. Abf\u00fcller: Weingut Pfeiffer, Appenheimer Str.26, D-55435 Gau-Algesheim Artikelnummer: 2478 Inhalt Preis\/Ltr. [&hellip;]<\/p>\n","protected":false},"featured_media":41642,"comment_status":"open","ping_status":"closed","template":"","meta":[],"product_brand":[],"product_cat":[2208],"product_tag":[],"class_list":{"0":"post-42252","1":"product","2":"type-product","3":"status-publish","4":"has-post-thumbnail","6":"product_cat-verkostungspakete","8":"first","9":"instock","10":"taxable","11":"shipping-taxable","12":"purchasable","13":"product-type-simple"},"_links":{"self":[{"href":"https:\/\/shop.weingut-pfeiffer.de\/index.php?rest_route=\/wp\/v2\/product\/42252","targetHints":{"allow":["GET"]}}],"collection":[{"href":"https:\/\/shop.weingut-pfeiffer.de\/index.php?rest_route=\/wp\/v2\/product"}],"about":[{"href":"https:\/\/shop.weingut-pfeiffer.de\/index.php?rest_route=\/wp\/v2\/types\/product"}],"replies":[{"embeddable":true,"href":"https:\/\/shop.weingut-pfeiffer.de\/index.php?rest_route=%2Fwp%2Fv2%2Fcomments&post=42252"}],"wp:featuredmedia":[{"embeddable":true,"href":"https:\/\/shop.weingut-pfeiffer.de\/index.php?rest_route=\/wp\/v2\/media\/41642"}],"wp:attachment":[{"href":"https:\/\/shop.weingut-pfeiffer.de\/index.php?rest_route=%2Fwp%2Fv2%2Fmedia&parent=42252"}],"wp:term":[{"taxonomy":"product_brand","embeddable":true,"href":"https:\/\/shop.weingut-pfeiffer.de\/index.php?rest_route=%2Fwp%2Fv2%2Fproduct_brand&post=42252"},{"taxonomy":"product_cat","embeddable":true,"href":"https:\/\/shop.weingut-pfeiffer.de\/index.php?rest_route=%2Fwp%2Fv2%2Fproduct_cat&post=42252"},{"taxonomy":"product_tag","embeddable":true,"href":"https:\/\/shop.weingut-pfeiffer.de\/index.php?rest_route=%2Fwp%2Fv2%2Fproduct_tag&post=42252"}],"curies":[{"name":"wp","href":"https:\/\/api.w.org\/{rel}","templated":true}]}}