{"id":41859,"date":"2024-01-26T19:21:45","date_gmt":"2024-01-26T17:21:45","guid":{"rendered":"https:\/\/shop.weingut-pfeiffer.de\/?product=2022er-chardonnay-3p"},"modified":"2026-02-09T11:26:43","modified_gmt":"2026-02-09T09:26:43","slug":"2022er-chardonnay-3p","status":"publish","type":"product","link":"https:\/\/shop.weingut-pfeiffer.de\/?product=2022er-chardonnay-3p","title":{"rendered":"<br>2022er Chardonnay 3P<br>"},"content":{"rendered":"\n<div align=\"left\"><font size=\"2\"><br \/><!-- IBGHTML --><!-- IBGHTML --><\/p>\n<p style=\"margin: 0cm 0cm 10pt\"><span style=\"line-height: 115%;font-size: 10pt\"><font face=\"Arial\" size=\"3\">Der Chardonnay weist eine klare gelbe Brillianz auf. Er duftet nach Birne und Zitrusfr\u00fcchten. W\u00fcrzig und nussig im Geschmack, dezentes Holz und eine frische S\u00e4ure balancieren den Wein gut aus.<br \/><font face=\"Arial\">Lange reife auf der Feinhefe in einem 500 L Johanniskreuzfass aus deutscher Eiche.<\/p>\n<p>3 Pfeiffer-Wein, handgelesen mit wenig Ertrag<\/p>\n<p>Abf\u00fcller: Weingut Pfeiffer, Appenheimer Str.26, D-55435 Gau-Algesheim<\/font><\/font><\/span><\/p>\n<p> <\/font><\/div>\n<table WIDTH=\"60%\" BORDER=\"0\" align=\"left\" CELLPADDING=\"0\" CELLSPACING=\"0\"><\/p>\n<tr><\/p>\n<td width=\"53%\"><font size=\"-1\">Artikelnummer:<\/font><\/td>\n<td width=\"47%\"><font size=\"-1\"><strong>2215<\/strong><\/font><\/td>\n<p><\/tr>\n<tr><\/p>\n<td><font size=\"-1\">Inhalt<\/font><\/td>\n<td><font size=\"-1\"><strong>0,75 Ltr.<\/strong><\/font><\/td>\n<p><\/tr>\n<tr ALIGN=\"LEFT\"><\/p>\n<td><font size=\"-1\">Preis\/Ltr.<\/font><\/td>\n<td><font size=\"-1\"><strong>14,67 EUR pro Ltr.<\/strong><\/font><\/td>\n<p><\/tr>\n<tr><\/p>\n<td><font size=\"-1\">Weinart:<\/font><\/td>\n<td><font size=\"-1\"><strong>Wei\u00dfwein<\/strong><\/font><\/td>\n<p><\/tr>\n<tr><\/p>\n<td><font size=\"-1\">Qualit&auml;tsstufe<\/font><\/td>\n<td><font size=\"-1\"><strong>Qualit\u00e4tswein<\/strong><\/font><\/td>\n<p><\/tr>\n<tr><\/p>\n<td><font size=\"-1\">Rebsorte<\/font><\/td>\n<td><font size=\"-1\"><strong>Chardonnay<\/strong><\/font><\/td>\n<p><\/tr>\n<tr>  <\/p>\n<td><font size=\"-1\">Restzuckergehalt<\/font><\/td>\n<p>  <\/p>\n<td><font size=\"-1\"><strong><\/strong><\/font><\/td>\n<p><\/tr>\n<p><\/p>\n<tr><\/p>\n<td><font size=\"-1\">Alkoholgehalt<\/font><\/td>\n<td><font size=\"-1\"><strong>12,5 Vol. %<\/strong><\/font><\/td>\n<p><\/tr>\n<p><\/p>\n<tr>\n<td><font size=\"-1\">Bio:<\/font><\/td>\n<td><font size=\"-1\"><strong>NEIN<\/strong><\/font><\/td>\n<\/tr>\n<p><\/p>\n<tr>\n<td><font size=\"-1\">Ursprungsland:<\/font><\/td>\n<td><font size=\"-1\"><strong><\/strong><\/font><\/td>\n<\/tr>\n<p><\/p>\n<tr>\n<td><font size=\"-1\">enth\u00e4lt Allergene:<\/font><\/td>\n<td><font size=\"-1\"><strong>Sulfite<\/strong><\/font><\/td>\n<\/tr>\n<p><\/table>\n<p>&nbsp;<\/p>\n<p><\/p>\n<p>&nbsp;<\/p>\n<p><\/p>\n<p>&nbsp;<\/p>\n<p><\/p>\n<p><font size=\"-1\" face=\"Arial, Helvetica, sans-serif\">enth\u00e4lt Sulfite<\/font><\/p>\n<p><\/p>\n","protected":false},"excerpt":{"rendered":"<p>Der Chardonnay weist eine klare gelbe Brillianz auf. Er duftet nach Birne und Zitrusfr\u00fcchten. W\u00fcrzig und nussig im Geschmack, dezentes Holz und eine frische S\u00e4ure balancieren den Wein gut aus.Lange reife auf der Feinhefe in einem 500 L Johanniskreuzfass aus deutscher Eiche. 3 Pfeiffer-Wein, handgelesen mit wenig Ertrag Abf\u00fcller: Weingut Pfeiffer, Appenheimer Str.26, D-55435 Gau-Algesheim [&hellip;]<\/p>\n","protected":false},"featured_media":41645,"comment_status":"open","ping_status":"closed","template":"","meta":[],"product_brand":[],"product_cat":[2203],"product_tag":[],"class_list":{"0":"post-41859","1":"product","2":"type-product","3":"status-publish","4":"has-post-thumbnail","6":"product_cat-weisswein","8":"first","9":"instock","10":"taxable","11":"shipping-taxable","12":"purchasable","13":"product-type-simple"},"_links":{"self":[{"href":"https:\/\/shop.weingut-pfeiffer.de\/index.php?rest_route=\/wp\/v2\/product\/41859","targetHints":{"allow":["GET"]}}],"collection":[{"href":"https:\/\/shop.weingut-pfeiffer.de\/index.php?rest_route=\/wp\/v2\/product"}],"about":[{"href":"https:\/\/shop.weingut-pfeiffer.de\/index.php?rest_route=\/wp\/v2\/types\/product"}],"replies":[{"embeddable":true,"href":"https:\/\/shop.weingut-pfeiffer.de\/index.php?rest_route=%2Fwp%2Fv2%2Fcomments&post=41859"}],"wp:featuredmedia":[{"embeddable":true,"href":"https:\/\/shop.weingut-pfeiffer.de\/index.php?rest_route=\/wp\/v2\/media\/41645"}],"wp:attachment":[{"href":"https:\/\/shop.weingut-pfeiffer.de\/index.php?rest_route=%2Fwp%2Fv2%2Fmedia&parent=41859"}],"wp:term":[{"taxonomy":"product_brand","embeddable":true,"href":"https:\/\/shop.weingut-pfeiffer.de\/index.php?rest_route=%2Fwp%2Fv2%2Fproduct_brand&post=41859"},{"taxonomy":"product_cat","embeddable":true,"href":"https:\/\/shop.weingut-pfeiffer.de\/index.php?rest_route=%2Fwp%2Fv2%2Fproduct_cat&post=41859"},{"taxonomy":"product_tag","embeddable":true,"href":"https:\/\/shop.weingut-pfeiffer.de\/index.php?rest_route=%2Fwp%2Fv2%2Fproduct_tag&post=41859"}],"curies":[{"name":"wp","href":"https:\/\/api.w.org\/{rel}","templated":true}]}}