{"id":7709,"date":"2016-08-16T08:37:56","date_gmt":"2016-08-16T06:37:56","guid":{"rendered":"http:\/\/shop.weingut-pfeiffer.de\/?page_id=7709"},"modified":"2018-05-25T12:16:37","modified_gmt":"2018-05-25T10:16:37","slug":"os-plattform","status":"publish","type":"page","link":"https:\/\/shop.weingut-pfeiffer.de\/?page_id=7709","title":{"rendered":"OS-Plattform"},"content":{"rendered":"<p class=\"title\">Hinweis OS-Plattform<br \/>\n=====================<br \/>\nIm Falle von Streitigkeiten aus Online-Kaufvertr\u00e4gen oder Online-Dienstvertr\u00e4gen kann eine von der Europ\u00e4ischen Union zur Verf\u00fcgung gestellte OS-Plattform zur Beilegung dieser Streitigkeiten genutzt werden, soweit diese von der Europ\u00e4ischen Union tats\u00e4chlich zur Verf\u00fcgung gestellt wird.<\/p>\n<div class=\"entry\">\n<p>Die Plattform soll hier erreichbar sein:<br \/>\n<a href=\"http:\/\/ec.europa.eu\/consumers\/odr\/\" target=\"&quot;_blank&quot;\">http:\/\/ec.europa.eu\/consumers\/odr\/<\/a><\/p>\n<p>&nbsp;<\/p>\n<p>Weingut Pfeiffer<br \/>\nAppenheimer Stra\u00dfe 26<br \/>\n55435 Gau-Algesheim<\/p>\n<p>Vertreten durch: Michael Pfeiffer<\/p>\n<p>Kontakt:<br \/>\nTelefon: +49 6725-3369<br \/>\nTelefax: +49 6725-993332<br \/>\nE-Mail: steffi@weingut-pfeiffer.de<br \/>\nsteffi@weingut-pfeiffer.de<\/p>\n<\/div>\n<p>&nbsp;<\/p>\n","protected":false},"excerpt":{"rendered":"<p>Hinweis OS-Plattform ===================== Im Falle von Streitigkeiten aus Online-Kaufvertr\u00e4gen oder Online-Dienstvertr\u00e4gen kann eine von der Europ\u00e4ischen Union zur Verf\u00fcgung gestellte OS-Plattform zur Beilegung dieser Streitigkeiten genutzt werden, soweit diese von der Europ\u00e4ischen Union tats\u00e4chlich zur Verf\u00fcgung gestellt wird. Die Plattform soll hier erreichbar sein: http:\/\/ec.europa.eu\/consumers\/odr\/ &nbsp; Weingut Pfeiffer Appenheimer Stra\u00dfe 26 55435 Gau-Algesheim Vertreten durch: [&hellip;]<\/p>\n","protected":false},"author":1,"featured_media":0,"parent":0,"menu_order":0,"comment_status":"closed","ping_status":"closed","template":"","meta":{"footnotes":""},"class_list":["post-7709","page","type-page","status-publish","hentry"],"_links":{"self":[{"href":"https:\/\/shop.weingut-pfeiffer.de\/index.php?rest_route=\/wp\/v2\/pages\/7709","targetHints":{"allow":["GET"]}}],"collection":[{"href":"https:\/\/shop.weingut-pfeiffer.de\/index.php?rest_route=\/wp\/v2\/pages"}],"about":[{"href":"https:\/\/shop.weingut-pfeiffer.de\/index.php?rest_route=\/wp\/v2\/types\/page"}],"author":[{"embeddable":true,"href":"https:\/\/shop.weingut-pfeiffer.de\/index.php?rest_route=\/wp\/v2\/users\/1"}],"replies":[{"embeddable":true,"href":"https:\/\/shop.weingut-pfeiffer.de\/index.php?rest_route=%2Fwp%2Fv2%2Fcomments&post=7709"}],"version-history":[{"count":3,"href":"https:\/\/shop.weingut-pfeiffer.de\/index.php?rest_route=\/wp\/v2\/pages\/7709\/revisions"}],"predecessor-version":[{"id":16585,"href":"https:\/\/shop.weingut-pfeiffer.de\/index.php?rest_route=\/wp\/v2\/pages\/7709\/revisions\/16585"}],"wp:attachment":[{"href":"https:\/\/shop.weingut-pfeiffer.de\/index.php?rest_route=%2Fwp%2Fv2%2Fmedia&parent=7709"}],"curies":[{"name":"wp","href":"https:\/\/api.w.org\/{rel}","templated":true}]}}